{"id":163,"date":"2019-09-23T13:13:03","date_gmt":"2019-09-23T13:13:03","guid":{"rendered":"https:\/\/www.optec.pl\/wp\/?page_id=163"},"modified":"2026-04-01T05:53:15","modified_gmt":"2026-04-01T05:53:15","slug":"kontakt-z-firma-optec-s-c","status":"publish","type":"page","link":"https:\/\/www.optec.pl\/wp\/kontakt-z-firma-optec-s-c\/","title":{"rendered":"O nas"},"content":{"rendered":"<h1>O nas<\/h1>\n<p>Firma Optec sp. z o.o. dawniej jako firma OPTEC S.C. Zak\u0142ad Do\u015bwiadczalno \u2013 Produkcyjny Optoelektroniki rozpocz\u0119\u0142a dzia\u0142alno\u015b\u0107 w zakresie techniki \u015bwiat\u0142owodowej oraz techniki LED w roku 1988. Oferujemy produkty i us\u0142ugi dla przemys\u0142u, bran\u017cy\u00a0 medycznej oraz techniki o\u015bwietleniowej<\/p>\n<p>Nasz zesp\u00f3\u0142 kompetentnych pracownik\u00f3w wychodzi naprzeciw Pa\u0144stwa oczekiwaniom odno\u015bnie produkt\u00f3w i oferuje fachow\u0105 wiedz\u0119 oraz\u00a0 pomoc przy doborze odpowiednich dla Pa\u0144stwa rozwi\u0105za\u0144 jak i produkt\u00f3w.<\/p>\n<p>Du\u017cym atutem naszej firmy jest szybki i atrakcyjny cenowo serwis wszystkich typ\u00f3w \u015bwiat\u0142owod\u00f3w, endoskop\u00f3w sztywnych i gi\u0119tkich (Storz, Wolf, Olympus, Stryker, Fujinon,Pentax, ACMI i inne), a tak\u017ce \u015bwiat\u0142owod\u00f3w specjalnych np. do lasera (lipoliza, metoda EVLT, urologia).<\/p>\n<h1>Kontakt<\/h1>\n<p>W celu uzyskania informacji o ofercie handlowej, najnowszych produktach i promocjach zapraszamy do kontaktu telefonicznego z firm\u0105 Optec s.c. lub do odwiedzenia naszych stron internetowych:<\/p>\n<p><a href=\"http:\/\/www.optec.pl\"><strong>www.optec.pl<\/strong><\/a> &#8211; strona g\u0142\u00f3wna firmy Optec s.c.<\/p>\n<p><a href=\"https:\/\/www.medycyna.sklep.pl\"><strong>www.medycyna.sklep.pl<\/strong><\/a> &#8211; katalog sprz\u0119tu medycznego oferowanego przez firm\u0119 Optec s.c.<\/p>\n<p><a href=\"http:\/\/www.luxlamp.pl\"><strong>www.luxlamp.pl<\/strong> <\/a>&#8211; sklep techniki o\u015bwietleniowej oferowanej przed firm\u0119 Optec s.c.<\/p>\n<p><a href=\"http:\/\/www.endoskopy-techniczne.pl\"><strong>www.endoskopy-techniczne.pl<\/strong><\/a> &#8211; katalog endoskop\u00f3w sztywnych i fiberoskop\u00f3w oferowanych przez firm\u0119 Optec s.c.<\/p>\n<table width=\"100%\">\n<tbody>\n<tr>\n<td width=\"50%\">OPTEC sp. z o.o.<br \/>\nul. Alberta 6E<br \/>\n16-001 Ksi\u0119\u017cyno k. Bia\u0142egostoku<br \/>\ntel. (85) 743 74 17<br \/>\n(85) 878 16 10<br \/>\n<strong>Zak\u0142ad pracuje: <\/strong><strong>Poniedzia\u0142ek &#8211; Pi\u0105tek: od godziny 8:00 do 16:00<\/strong><br \/>\n<iframe style=\"border: 0;\" src=\"https:\/\/www.google.com\/maps\/embed?pb=!1m14!1m8!1m3!1d4792.860108463514!2d23.100711!3d53.084511!3m2!1i1024!2i768!4f13.1!3m3!1m2!1s0x471ffeb0649c084b%3A0xd934f8907bd63b07!2sOPTEC!5e0!3m2!1spl!2spl!4v1569244344781!5m2!1spl!2spl\" width=\"600\" height=\"450\" frameborder=\"0\" allowfullscreen=\"allowfullscreen\"><\/iframe><br \/>\nAdresy e-mail:<\/p>\n<table border=\"1\" width=\"750\" cellspacing=\"10\" cellpadding=\"10\">\n<tbody>\n<tr>\n<td>gniewkowski@optec.pl<\/td>\n<td rowspan=\"2\">\u00a0 Prezes Zarz\u0105du<\/td>\n<\/tr>\n<tr>\n<td>kuc@optec.pl<\/td>\n<\/tr>\n<tr>\n<td>sekretariat@optec.pl<br \/>\noptec@optec.pl<\/td>\n<td>Biuro<\/td>\n<\/tr>\n<tr>\n<td>medycyna@optec.pl<\/td>\n<td>Dzia\u0142 handlowy medycyna. Kompleksowa obs\u0142uga klient\u00f3w dzia\u0142u medycyna. Sprzeda\u017c urz\u0105dze\u0144, narz\u0119dzi, zestaw\u00f3w i innej aparatury medycznej. Endoskopy sztywne i gi\u0119tkie. Tory wizyjne. Unity laryngologiczne.<\/td>\n<\/tr>\n<tr>\n<td>swiatlo@optec.pl<\/td>\n<td>\u015awiat\u0142owodowa technika o\u015bwietleniowa<\/td>\n<\/tr>\n<tr>\n<td>wojtek@optec.pl<\/td>\n<td>Sprzeda\u017c \u015bwiat\u0142owod\u00f3w, \u017ar\u00f3de\u0142 \u015bwiat\u0142a i serwis aparatury medycznej<br \/>\nDzia\u0142 produkcji \u2013 medycyna<br \/>\nSpawanie laserowe<\/td>\n<\/tr>\n<tr>\n<td>pawel@optec.pl<\/td>\n<td>Serwis optyk endoskopowych i\u00a0 \u015bwiat\u0142owod\u00f3w do aparatury laserowej<\/td>\n<\/tr>\n<tr>\n<td>jarek@optec.pl<\/td>\n<td>Endoskopy przemys\u0142owe Sprzeda\u017c\/Serwis<\/td>\n<\/tr>\n<\/tbody>\n<\/table>\n<p>Authorized representative for Slovenia and Croatia<\/p>\n<p><span style=\"color: #333333;\"><a href=\"http:\/\/www.estetika-milosevic.si\/\" data-saferedirecturl=\"https:\/\/www.google.com\/url?q=http:\/\/www.estetika-milosevic.si\/&amp;source=gmail&amp;ust=1555494741186000&amp;usg=AFQjCNFZm8lfGb_NtIt37Bx_-ABvO8Y6ug\">AMBULATNI CENTER<\/a><a href=\"http:\/\/www.estetika-milosevic.si\/\" data-saferedirecturl=\"https:\/\/www.google.com\/url?q=http:\/\/www.estetika-milosevic.si\/&amp;source=gmail&amp;ust=1555494741186000&amp;usg=AFQjCNFZm8lfGb_NtIt37Bx_-ABvO8Y6ug\">\u00a0 Estetika Milo\u0161evi\u0107<\/a><\/span><\/p>\n<p>PE Slovenj Gradec<br \/>\nFrancetova cesta 4<br \/>\n2380 Slovenj Gradec<\/p>\n<p>PE Ljubljana<br \/>\nUkmarjeva ulica 4<br \/>\n1000 Ljubljana<\/p>\n<p>tel.: 0590 34 110<br \/>\nfax: 0590 34 111<\/p>\n<p>e-mail:\u00a0<a href=\"mailto:info@estetika-milosevic.si\">info@estetika-milosevic.si<\/a><\/p>\n<p>website:\u00a0<a href=\"http:\/\/www.estetika-milosevic.si\/\" data-saferedirecturl=\"https:\/\/www.google.com\/url?q=http:\/\/www.estetika-milosevic.si&amp;source=gmail&amp;ust=1555494741186000&amp;usg=AFQjCNF4taTUSGvcCn6DdEmQnOSr-Ie5Sw\">www.estetika-milosevic.si<\/a><\/td>\n<\/tr>\n<\/tbody>\n<\/table>\n","protected":false},"excerpt":{"rendered":"<p>O nas Firma Optec sp. z o.o. dawniej jako firma [&hellip;]<\/p>\n","protected":false},"author":1,"featured_media":0,"parent":0,"menu_order":0,"comment_status":"closed","ping_status":"closed","template":"","meta":{"_exactmetrics_skip_tracking":false,"_exactmetrics_sitenote_active":false,"_exactmetrics_sitenote_note":"","_exactmetrics_sitenote_category":0,"footnotes":""},"yoast_head":"<!-- This site is optimized with the Yoast SEO plugin v22.4 - https:\/\/yoast.com\/wordpress\/plugins\/seo\/ -->\n<title>O nas - Strona firmy Optec - medycyna, o\u015bwietlenie, endoskopy<\/title>\n<meta name=\"description\" content=\"Skontaktuj si\u0119 z firm\u0105 Optec s.c. Sprz\u0119t medyczny sprzeda\u017c i serwis, technika o\u015bwietleniowa, sprzeda\u017c i serwis \u015bwiat\u0142owod\u00f3w i optyk endoskopowych\" \/>\n<meta name=\"robots\" content=\"index, follow, max-snippet:-1, max-image-preview:large, max-video-preview:-1\" \/>\n<link rel=\"canonical\" href=\"https:\/\/www.optec.pl\/wp\/kontakt-z-firma-optec-s-c\/\" \/>\n<meta property=\"og:locale\" content=\"pl_PL\" \/>\n<meta property=\"og:type\" content=\"article\" \/>\n<meta property=\"og:title\" content=\"O nas - Strona firmy Optec - medycyna, o\u015bwietlenie, endoskopy\" \/>\n<meta property=\"og:description\" content=\"Skontaktuj si\u0119 z firm\u0105 Optec s.c. Sprz\u0119t medyczny sprzeda\u017c i serwis, technika o\u015bwietleniowa, sprzeda\u017c i serwis \u015bwiat\u0142owod\u00f3w i optyk endoskopowych\" \/>\n<meta property=\"og:url\" content=\"https:\/\/www.optec.pl\/wp\/kontakt-z-firma-optec-s-c\/\" \/>\n<meta property=\"og:site_name\" content=\"Strona firmy Optec - medycyna, o\u015bwietlenie, endoskopy\" \/>\n<meta property=\"article:modified_time\" content=\"2026-04-01T05:53:15+00:00\" \/>\n<meta name=\"twitter:card\" content=\"summary_large_image\" \/>\n<meta name=\"twitter:label1\" content=\"Szacowany czas czytania\" \/>\n\t<meta name=\"twitter:data1\" content=\"2 minuty\" \/>\n<script type=\"application\/ld+json\" class=\"yoast-schema-graph\">{\"@context\":\"https:\/\/schema.org\",\"@graph\":[{\"@type\":\"WebPage\",\"@id\":\"https:\/\/www.optec.pl\/wp\/kontakt-z-firma-optec-s-c\/\",\"url\":\"https:\/\/www.optec.pl\/wp\/kontakt-z-firma-optec-s-c\/\",\"name\":\"O nas - Strona firmy Optec - medycyna, o\u015bwietlenie, endoskopy\",\"isPartOf\":{\"@id\":\"https:\/\/www.optec.pl\/wp\/#website\"},\"datePublished\":\"2019-09-23T13:13:03+00:00\",\"dateModified\":\"2026-04-01T05:53:15+00:00\",\"description\":\"Skontaktuj si\u0119 z firm\u0105 Optec s.c. Sprz\u0119t medyczny sprzeda\u017c i serwis, technika o\u015bwietleniowa, sprzeda\u017c i serwis \u015bwiat\u0142owod\u00f3w i optyk endoskopowych\",\"breadcrumb\":{\"@id\":\"https:\/\/www.optec.pl\/wp\/kontakt-z-firma-optec-s-c\/#breadcrumb\"},\"inLanguage\":\"pl-PL\",\"potentialAction\":[{\"@type\":\"ReadAction\",\"target\":[\"https:\/\/www.optec.pl\/wp\/kontakt-z-firma-optec-s-c\/\"]}]},{\"@type\":\"BreadcrumbList\",\"@id\":\"https:\/\/www.optec.pl\/wp\/kontakt-z-firma-optec-s-c\/#breadcrumb\",\"itemListElement\":[{\"@type\":\"ListItem\",\"position\":1,\"name\":\"Strona g\u0142\u00f3wna\",\"item\":\"https:\/\/www.optec.pl\/wp\/\"},{\"@type\":\"ListItem\",\"position\":2,\"name\":\"O nas\"}]},{\"@type\":\"WebSite\",\"@id\":\"https:\/\/www.optec.pl\/wp\/#website\",\"url\":\"https:\/\/www.optec.pl\/wp\/\",\"name\":\"Strona firmy Optec - medycyna, o\u015bwietlenie, endoskopy\",\"description\":\"Oferta firmy Optec s.c.\",\"potentialAction\":[{\"@type\":\"SearchAction\",\"target\":{\"@type\":\"EntryPoint\",\"urlTemplate\":\"https:\/\/www.optec.pl\/wp\/?s={search_term_string}\"},\"query-input\":\"required name=search_term_string\"}],\"inLanguage\":\"pl-PL\"}]}<\/script>\n<!-- \/ Yoast SEO plugin. -->","yoast_head_json":{"title":"O nas - Strona firmy Optec - medycyna, o\u015bwietlenie, endoskopy","description":"Skontaktuj si\u0119 z firm\u0105 Optec s.c. Sprz\u0119t medyczny sprzeda\u017c i serwis, technika o\u015bwietleniowa, sprzeda\u017c i serwis \u015bwiat\u0142owod\u00f3w i optyk endoskopowych","robots":{"index":"index","follow":"follow","max-snippet":"max-snippet:-1","max-image-preview":"max-image-preview:large","max-video-preview":"max-video-preview:-1"},"canonical":"https:\/\/www.optec.pl\/wp\/kontakt-z-firma-optec-s-c\/","og_locale":"pl_PL","og_type":"article","og_title":"O nas - Strona firmy Optec - medycyna, o\u015bwietlenie, endoskopy","og_description":"Skontaktuj si\u0119 z firm\u0105 Optec s.c. Sprz\u0119t medyczny sprzeda\u017c i serwis, technika o\u015bwietleniowa, sprzeda\u017c i serwis \u015bwiat\u0142owod\u00f3w i optyk endoskopowych","og_url":"https:\/\/www.optec.pl\/wp\/kontakt-z-firma-optec-s-c\/","og_site_name":"Strona firmy Optec - medycyna, o\u015bwietlenie, endoskopy","article_modified_time":"2026-04-01T05:53:15+00:00","twitter_card":"summary_large_image","twitter_misc":{"Szacowany czas czytania":"2 minuty"},"schema":{"@context":"https:\/\/schema.org","@graph":[{"@type":"WebPage","@id":"https:\/\/www.optec.pl\/wp\/kontakt-z-firma-optec-s-c\/","url":"https:\/\/www.optec.pl\/wp\/kontakt-z-firma-optec-s-c\/","name":"O nas - Strona firmy Optec - medycyna, o\u015bwietlenie, endoskopy","isPartOf":{"@id":"https:\/\/www.optec.pl\/wp\/#website"},"datePublished":"2019-09-23T13:13:03+00:00","dateModified":"2026-04-01T05:53:15+00:00","description":"Skontaktuj si\u0119 z firm\u0105 Optec s.c. Sprz\u0119t medyczny sprzeda\u017c i serwis, technika o\u015bwietleniowa, sprzeda\u017c i serwis \u015bwiat\u0142owod\u00f3w i optyk endoskopowych","breadcrumb":{"@id":"https:\/\/www.optec.pl\/wp\/kontakt-z-firma-optec-s-c\/#breadcrumb"},"inLanguage":"pl-PL","potentialAction":[{"@type":"ReadAction","target":["https:\/\/www.optec.pl\/wp\/kontakt-z-firma-optec-s-c\/"]}]},{"@type":"BreadcrumbList","@id":"https:\/\/www.optec.pl\/wp\/kontakt-z-firma-optec-s-c\/#breadcrumb","itemListElement":[{"@type":"ListItem","position":1,"name":"Strona g\u0142\u00f3wna","item":"https:\/\/www.optec.pl\/wp\/"},{"@type":"ListItem","position":2,"name":"O nas"}]},{"@type":"WebSite","@id":"https:\/\/www.optec.pl\/wp\/#website","url":"https:\/\/www.optec.pl\/wp\/","name":"Strona firmy Optec - medycyna, o\u015bwietlenie, endoskopy","description":"Oferta firmy Optec s.c.","potentialAction":[{"@type":"SearchAction","target":{"@type":"EntryPoint","urlTemplate":"https:\/\/www.optec.pl\/wp\/?s={search_term_string}"},"query-input":"required name=search_term_string"}],"inLanguage":"pl-PL"}]}},"_links":{"self":[{"href":"https:\/\/www.optec.pl\/wp\/wp-json\/wp\/v2\/pages\/163"}],"collection":[{"href":"https:\/\/www.optec.pl\/wp\/wp-json\/wp\/v2\/pages"}],"about":[{"href":"https:\/\/www.optec.pl\/wp\/wp-json\/wp\/v2\/types\/page"}],"author":[{"embeddable":true,"href":"https:\/\/www.optec.pl\/wp\/wp-json\/wp\/v2\/users\/1"}],"replies":[{"embeddable":true,"href":"https:\/\/www.optec.pl\/wp\/wp-json\/wp\/v2\/comments?post=163"}],"version-history":[{"count":45,"href":"https:\/\/www.optec.pl\/wp\/wp-json\/wp\/v2\/pages\/163\/revisions"}],"predecessor-version":[{"id":1209,"href":"https:\/\/www.optec.pl\/wp\/wp-json\/wp\/v2\/pages\/163\/revisions\/1209"}],"wp:attachment":[{"href":"https:\/\/www.optec.pl\/wp\/wp-json\/wp\/v2\/media?parent=163"}],"curies":[{"name":"wp","href":"https:\/\/api.w.org\/{rel}","templated":true}]}}