{"id":233,"date":"2019-09-25T07:11:43","date_gmt":"2019-09-25T07:11:43","guid":{"rendered":"https:\/\/www.optec.pl\/wp\/?page_id=233"},"modified":"2023-12-19T13:12:30","modified_gmt":"2023-12-19T13:12:30","slug":"serwis-gwarancyjny-i-pogwarancyjny-sprzetu-medycznego-wykorzystujacego-wlokna-swiatlowodowe","status":"publish","type":"page","link":"https:\/\/www.optec.pl\/wp\/serwis-gwarancyjny-i-pogwarancyjny-sprzetu-medycznego-wykorzystujacego-wlokna-swiatlowodowe\/","title":{"rendered":"Serwis"},"content":{"rendered":"<p><div class=\"fusion-fullwidth fullwidth-box fusion-builder-row-1 has-pattern-background has-mask-background nonhundred-percent-fullwidth non-hundred-percent-height-scrolling\" style=\"--awb-border-radius-top-left:0px;--awb-border-radius-top-right:0px;--awb-border-radius-bottom-right:0px;--awb-border-radius-bottom-left:0px;--awb-margin-bottom:50px;--awb-flex-wrap:wrap;\" ><div class=\"fusion-builder-row fusion-row\"><div class=\"fusion-layout-column fusion_builder_column fusion-builder-column-0 fusion_builder_column_1_1 1_1 fusion-one-full fusion-column-first fusion-column-last\" style=\"--awb-bg-size:cover;--awb-margin-bottom:0px;\"><div class=\"fusion-column-wrapper fusion-flex-column-wrapper-legacy\"><div class=\"fusion-text fusion-text-1\"><\/div><div class=\"fusion-text fusion-text-2\"><h2>Firma OPTEC od wielu lat prowadzi serwis gwarancyjny i pogwarancyjny sprz\u0119tu medycznego wykorzystuj\u0105cego w\u0142\u00f3kna \u015bwiat\u0142owodowe.<\/h2>\n<p>Prowadzimy serwis i przegl\u0105dy techniczne nast\u0119puj\u0105cych sprz\u0119t\u00f3w:<\/p>\n<ul>\n<li>optyki endoskopowe sztywne -artroskopy, laryngoskopy, otoskopy, sinuskopy<\/li>\n<li>endoskop\u00f3w gi\u0119tkich -fiberoskopy, gastroskopy, kolonoskopy, nasofaryngoskopy<\/li>\n<li>\u015bwiat\u0142owod\u00f3w medycznych o\u015bwietleniowych<\/li>\n<li>\u015bwiat\u0142owod\u00f3w do laser\u00f3w<\/li>\n<li>element\u00f3w \u015bwiat\u0142owodowych hak\u00f3w chirurgicznych, rektoskop\u00f3w, amnioskop\u00f3w, anoskop\u00f3w, waginoskop\u00f3w<\/li>\n<\/ul>\n<\/div><div class=\"fusion-clearfix\"><\/div><\/div><\/div><\/div><\/div><div class=\"fusion-fullwidth fullwidth-box fusion-builder-row-2 nonhundred-percent-fullwidth non-hundred-percent-height-scrolling\" style=\"--awb-border-radius-top-left:0px;--awb-border-radius-top-right:0px;--awb-border-radius-bottom-right:0px;--awb-border-radius-bottom-left:0px;--awb-flex-wrap:wrap;\" ><div class=\"fusion-builder-row fusion-row\"><div class=\"fusion-layout-column fusion_builder_column fusion-builder-column-1 fusion_builder_column_1_2 1_2 fusion-one-half fusion-column-first\" style=\"--awb-bg-size:cover;width:50%;width:calc(50% - ( ( 4% ) * 0.5 ) );margin-right: 4%;\"><div class=\"fusion-column-wrapper fusion-column-has-shadow fusion-flex-column-wrapper-legacy\"><div class=\"fusion-title title fusion-title-1 fusion-sep-none fusion-title-center fusion-title-text fusion-title-size-one\" style=\"--awb-margin-bottom:70px;\"><h1 class=\"fusion-title-heading title-heading-center\" style=\"margin:0;\"><a href=\"https:\/\/www.optec.pl\/wp\/serwis-endoskopow\/\" class=\"awb-custom-text-color awb-custom-text-hover-color\" target=\"_self\">Serwis endoskop\u00f3w sztywnych<\/a><\/h1><\/div><div class=\"fusion-image-element fusion-image-align-center in-legacy-container\" style=\"text-align:center;--awb-bottom-shadow-color:rgba(0,0,0,0.4);--awb-margin-top:40px;--awb-caption-title-font-family:var(--h2_typography-font-family);--awb-caption-title-font-weight:var(--h2_typography-font-weight);--awb-caption-title-font-style:var(--h2_typography-font-style);--awb-caption-title-size:var(--h2_typography-font-size);--awb-caption-title-transform:var(--h2_typography-text-transform);--awb-caption-title-line-height:var(--h2_typography-line-height);--awb-caption-title-letter-spacing:var(--h2_typography-letter-spacing);\"><div class=\"imageframe-align-center\"><div class=\"awb-image-frame awb-image-frame-1 imageframe-liftup fusion-image-frame-bottomshadow image-frame-shadow-1\"><span class=\" fusion-imageframe imageframe-bottomshadow imageframe-1 element-bottomshadow fusion-animated\" data-animationType=\"zoomIn\" data-animationDuration=\"0.5\" data-animationOffset=\"top-into-view\"><a class=\"fusion-no-lightbox\" href=\"https:\/\/www.optec.pl\/wp\/serwis-endoskopow\/\" target=\"_self\" aria-label=\"small540\"><img decoding=\"async\" width=\"540\" height=\"207\" alt=\"rigid\" src=\"https:\/\/www.optec.pl\/wp\/wp-content\/uploads\/2023\/12\/small540.jpg\" class=\"img-responsive wp-image-1013\" srcset=\"https:\/\/www.optec.pl\/wp\/wp-content\/uploads\/2023\/12\/small540-200x77.jpg 200w, https:\/\/www.optec.pl\/wp\/wp-content\/uploads\/2023\/12\/small540-400x153.jpg 400w, https:\/\/www.optec.pl\/wp\/wp-content\/uploads\/2023\/12\/small540.jpg 540w\" sizes=\"(max-width: 800px) 100vw, 540px\" \/><\/a><\/span><\/div><\/div><\/div><div class=\"fusion-clearfix\"><\/div><\/div><\/div><div class=\"fusion-layout-column fusion_builder_column fusion-builder-column-2 fusion_builder_column_1_2 1_2 fusion-one-half fusion-column-last\" style=\"--awb-bg-size:cover;width:50%;width:calc(50% - ( ( 4% ) * 0.5 ) );\"><div class=\"fusion-column-wrapper fusion-column-has-shadow fusion-flex-column-wrapper-legacy\"><div class=\"fusion-title title fusion-title-2 fusion-sep-none fusion-title-center fusion-title-text fusion-title-size-one\"><h1 class=\"fusion-title-heading title-heading-center\" style=\"margin:0;\"><a href=\"https:\/\/www.optec.pl\/wp\/serwis-swiatlowodow-medycznych\/\" class=\"awb-custom-text-color awb-custom-text-hover-color\" target=\"_self\">Serwis \u015bwiat\u0142owod\u00f3w<\/a><\/h1><\/div><div class=\"fusion-image-element in-legacy-container\" style=\"--awb-bottom-shadow-color:rgba(0,0,0,0.4);--awb-caption-title-font-family:var(--h2_typography-font-family);--awb-caption-title-font-weight:var(--h2_typography-font-weight);--awb-caption-title-font-style:var(--h2_typography-font-style);--awb-caption-title-size:var(--h2_typography-font-size);--awb-caption-title-transform:var(--h2_typography-text-transform);--awb-caption-title-line-height:var(--h2_typography-line-height);--awb-caption-title-letter-spacing:var(--h2_typography-letter-spacing);\"><div class=\"awb-image-frame awb-image-frame-2 imageframe-liftup fusion-image-frame-bottomshadow image-frame-shadow-2\"><span class=\" fusion-imageframe imageframe-bottomshadow imageframe-2 element-bottomshadow fusion-animated\" data-animationType=\"zoomIn\" data-animationDuration=\"0.5\" data-animationOffset=\"top-into-view\"><a class=\"fusion-no-lightbox\" href=\"https:\/\/www.optec.pl\/wp\/serwis-swiatlowodow-medycznych\/\" target=\"_self\" aria-label=\"serwis-\u015bwiat\u0142owod\u00f3w\"><img decoding=\"async\" width=\"640\" height=\"360\" alt=\"Serwis \u015bwiat\u0142owod\u00f3w\" src=\"https:\/\/www.optec.pl\/wp\/wp-content\/uploads\/2019\/10\/serwis-\u015bwiat\u0142owod\u00f3w.jpg\" class=\"img-responsive wp-image-269\" srcset=\"https:\/\/www.optec.pl\/wp\/wp-content\/uploads\/2019\/10\/serwis-\u015bwiat\u0142owod\u00f3w-200x113.jpg 200w, https:\/\/www.optec.pl\/wp\/wp-content\/uploads\/2019\/10\/serwis-\u015bwiat\u0142owod\u00f3w-400x225.jpg 400w, https:\/\/www.optec.pl\/wp\/wp-content\/uploads\/2019\/10\/serwis-\u015bwiat\u0142owod\u00f3w-600x338.jpg 600w, https:\/\/www.optec.pl\/wp\/wp-content\/uploads\/2019\/10\/serwis-\u015bwiat\u0142owod\u00f3w.jpg 640w\" sizes=\"(max-width: 800px) 100vw, 600px\" \/><\/a><\/span><\/div><\/div><div class=\"fusion-clearfix\"><\/div><\/div><\/div><div class=\"fusion-layout-column fusion_builder_column fusion-builder-column-3 fusion_builder_column_1_2 1_2 fusion-one-half fusion-column-first\" style=\"--awb-bg-size:cover;width:50%;width:calc(50% - ( ( 4% ) * 0.5 ) );margin-right: 4%;\"><div class=\"fusion-column-wrapper fusion-column-has-shadow fusion-flex-column-wrapper-legacy\"><div class=\"fusion-title title fusion-title-3 fusion-sep-none fusion-title-center fusion-title-text fusion-title-size-one\"><h1 class=\"fusion-title-heading title-heading-center\" style=\"margin:0;\"><a href=\"https:\/\/www.optec.pl\/wp\/serwis-endoskopow-gietkich\/\" class=\"awb-custom-text-color awb-custom-text-hover-color\" target=\"_self\">Serwis endoskop\u00f3w gi\u0119tkich<\/a><\/h1><\/div><div class=\"fusion-image-element fusion-image-align-center in-legacy-container\" style=\"text-align:center;--awb-bottom-shadow-color:rgba(0,0,0,0.4);--awb-caption-title-font-family:var(--h2_typography-font-family);--awb-caption-title-font-weight:var(--h2_typography-font-weight);--awb-caption-title-font-style:var(--h2_typography-font-style);--awb-caption-title-size:var(--h2_typography-font-size);--awb-caption-title-transform:var(--h2_typography-text-transform);--awb-caption-title-line-height:var(--h2_typography-line-height);--awb-caption-title-letter-spacing:var(--h2_typography-letter-spacing);\"><div class=\"imageframe-align-center\"><div class=\"awb-image-frame awb-image-frame-3 imageframe-liftup fusion-image-frame-bottomshadow image-frame-shadow-3\"><span class=\" fusion-imageframe imageframe-bottomshadow imageframe-3 element-bottomshadow fusion-animated\" data-animationType=\"zoomIn\" data-animationDuration=\"1.0\" data-animationOffset=\"top-into-view\"><a class=\"fusion-no-lightbox\" href=\"https:\/\/www.optec.pl\/wp\/serwis-endoskopow-gietkich\/\" target=\"_self\" aria-label=\"EMEA 540&#215;360\"><img decoding=\"async\" width=\"540\" height=\"360\" alt=\"Serwis endoskop\u00f3w gietkich\" src=\"https:\/\/www.optec.pl\/wp\/wp-content\/uploads\/2023\/12\/EMEA-540x360-1.jpg\" class=\"img-responsive wp-image-1006\" srcset=\"https:\/\/www.optec.pl\/wp\/wp-content\/uploads\/2023\/12\/EMEA-540x360-1-200x133.jpg 200w, https:\/\/www.optec.pl\/wp\/wp-content\/uploads\/2023\/12\/EMEA-540x360-1-400x267.jpg 400w, https:\/\/www.optec.pl\/wp\/wp-content\/uploads\/2023\/12\/EMEA-540x360-1.jpg 540w\" sizes=\"(max-width: 800px) 100vw, 540px\" \/><\/a><\/span><\/div><\/div><\/div><div class=\"fusion-clearfix\"><\/div><\/div><\/div><\/div><\/div><div class=\"fusion-fullwidth fullwidth-box fusion-builder-row-3 fusion-flex-container has-pattern-background has-mask-background nonhundred-percent-fullwidth non-hundred-percent-height-scrolling\" style=\"--awb-border-radius-top-left:0px;--awb-border-radius-top-right:0px;--awb-border-radius-bottom-right:0px;--awb-border-radius-bottom-left:0px;--awb-flex-wrap:wrap;\" ><div class=\"fusion-builder-row fusion-row fusion-flex-align-items-flex-start fusion-flex-content-wrap\" style=\"max-width:1144px;margin-left: calc(-4% \/ 2 );margin-right: calc(-4% \/ 2 );\"><div class=\"fusion-layout-column fusion_builder_column fusion-builder-column-4 fusion_builder_column_1_2 1_2 fusion-flex-column\" style=\"--awb-bg-size:cover;--awb-width-large:50%;--awb-margin-top-large:0px;--awb-spacing-right-large:3.84%;--awb-margin-bottom-large:20px;--awb-spacing-left-large:3.84%;--awb-width-medium:100%;--awb-order-medium:0;--awb-spacing-right-medium:1.92%;--awb-spacing-left-medium:1.92%;--awb-width-small:100%;--awb-order-small:0;--awb-spacing-right-small:1.92%;--awb-spacing-left-small:1.92%;\"><div class=\"fusion-column-wrapper fusion-column-has-shadow fusion-flex-justify-content-flex-start fusion-content-layout-column\"><\/div><\/div><div class=\"fusion-layout-column fusion_builder_column fusion-builder-column-5 fusion_builder_column_1_2 1_2 fusion-flex-column\" style=\"--awb-bg-size:cover;--awb-width-large:50%;--awb-margin-top-large:0px;--awb-spacing-right-large:3.84%;--awb-margin-bottom-large:20px;--awb-spacing-left-large:3.84%;--awb-width-medium:100%;--awb-order-medium:0;--awb-spacing-right-medium:1.92%;--awb-spacing-left-medium:1.92%;--awb-width-small:100%;--awb-order-small:0;--awb-spacing-right-small:1.92%;--awb-spacing-left-small:1.92%;\"><div class=\"fusion-column-wrapper fusion-column-has-shadow fusion-flex-justify-content-flex-start fusion-content-layout-column\"><\/div><\/div><\/div><\/div><\/p>\n","protected":false},"excerpt":{"rendered":"","protected":false},"author":1,"featured_media":0,"parent":0,"menu_order":0,"comment_status":"closed","ping_status":"closed","template":"","meta":{"_exactmetrics_skip_tracking":false,"_exactmetrics_sitenote_active":false,"_exactmetrics_sitenote_note":"","_exactmetrics_sitenote_category":0,"footnotes":""},"yoast_head":"<!-- This site is optimized with the Yoast SEO plugin v22.4 - https:\/\/yoast.com\/wordpress\/plugins\/seo\/ -->\n<title>Serwis - Strona firmy Optec - medycyna, o\u015bwietlenie, endoskopy<\/title>\n<meta name=\"description\" content=\"Firma OPTEC od wielu lat prowadzi serwis gwarancyjny i pogwarancyjny sprz\u0119tu medycznego wykorzystuj\u0105cego w\u0142\u00f3kna \u015bwiat\u0142owodowe. Prowadzimy serwis i przegl\u0105dy techniczne nast\u0119puj\u0105cych sprz\u0119t\u00f3w:\u2022optyki endoskopowe sztywne -artroskopy, laryngoskopy, otoskopy, sinuskopy\u2022endoskop\u00f3w gi\u0119tkich -fiberoskopy, gastroskopy, kolonoskopy, nasofaryngoskopy\u2022\u015bwiat\u0142owod\u00f3w medycznych o\u015bwietleniowych\u2022\u015bwiat\u0142owod\u00f3w do laser\u00f3w\u2022element\u00f3w \u015bwiat\u0142owodowych hak\u00f3w chirurgicznych, rektoskop\u00f3w, amnioskop\u00f3w, anoskop\u00f3w, waginoskop\u00f3w\" \/>\n<meta name=\"robots\" content=\"index, follow, max-snippet:-1, max-image-preview:large, max-video-preview:-1\" \/>\n<link rel=\"canonical\" href=\"https:\/\/www.optec.pl\/wp\/serwis-gwarancyjny-i-pogwarancyjny-sprzetu-medycznego-wykorzystujacego-wlokna-swiatlowodowe\/\" \/>\n<meta property=\"og:locale\" content=\"pl_PL\" \/>\n<meta property=\"og:type\" content=\"article\" \/>\n<meta property=\"og:title\" content=\"Serwis - Strona firmy Optec - medycyna, o\u015bwietlenie, endoskopy\" \/>\n<meta property=\"og:description\" content=\"Firma OPTEC od wielu lat prowadzi serwis gwarancyjny i pogwarancyjny sprz\u0119tu medycznego wykorzystuj\u0105cego w\u0142\u00f3kna \u015bwiat\u0142owodowe. Prowadzimy serwis i przegl\u0105dy techniczne nast\u0119puj\u0105cych sprz\u0119t\u00f3w:\u2022optyki endoskopowe sztywne -artroskopy, laryngoskopy, otoskopy, sinuskopy\u2022endoskop\u00f3w gi\u0119tkich -fiberoskopy, gastroskopy, kolonoskopy, nasofaryngoskopy\u2022\u015bwiat\u0142owod\u00f3w medycznych o\u015bwietleniowych\u2022\u015bwiat\u0142owod\u00f3w do laser\u00f3w\u2022element\u00f3w \u015bwiat\u0142owodowych hak\u00f3w chirurgicznych, rektoskop\u00f3w, amnioskop\u00f3w, anoskop\u00f3w, waginoskop\u00f3w\" \/>\n<meta property=\"og:url\" content=\"https:\/\/www.optec.pl\/wp\/serwis-gwarancyjny-i-pogwarancyjny-sprzetu-medycznego-wykorzystujacego-wlokna-swiatlowodowe\/\" \/>\n<meta property=\"og:site_name\" content=\"Strona firmy Optec - medycyna, o\u015bwietlenie, endoskopy\" \/>\n<meta property=\"article:modified_time\" content=\"2023-12-19T13:12:30+00:00\" \/>\n<meta name=\"twitter:card\" content=\"summary_large_image\" \/>\n<meta name=\"twitter:label1\" content=\"Szacowany czas czytania\" \/>\n\t<meta name=\"twitter:data1\" content=\"1 minuta\" \/>\n<script type=\"application\/ld+json\" class=\"yoast-schema-graph\">{\"@context\":\"https:\/\/schema.org\",\"@graph\":[{\"@type\":\"WebPage\",\"@id\":\"https:\/\/www.optec.pl\/wp\/serwis-gwarancyjny-i-pogwarancyjny-sprzetu-medycznego-wykorzystujacego-wlokna-swiatlowodowe\/\",\"url\":\"https:\/\/www.optec.pl\/wp\/serwis-gwarancyjny-i-pogwarancyjny-sprzetu-medycznego-wykorzystujacego-wlokna-swiatlowodowe\/\",\"name\":\"Serwis - Strona firmy Optec - medycyna, o\u015bwietlenie, endoskopy\",\"isPartOf\":{\"@id\":\"https:\/\/www.optec.pl\/wp\/#website\"},\"datePublished\":\"2019-09-25T07:11:43+00:00\",\"dateModified\":\"2023-12-19T13:12:30+00:00\",\"description\":\"Firma OPTEC od wielu lat prowadzi serwis gwarancyjny i pogwarancyjny sprz\u0119tu medycznego wykorzystuj\u0105cego w\u0142\u00f3kna \u015bwiat\u0142owodowe. Prowadzimy serwis i przegl\u0105dy techniczne nast\u0119puj\u0105cych sprz\u0119t\u00f3w:\u2022optyki endoskopowe sztywne -artroskopy, laryngoskopy, otoskopy, sinuskopy\u2022endoskop\u00f3w gi\u0119tkich -fiberoskopy, gastroskopy, kolonoskopy, nasofaryngoskopy\u2022\u015bwiat\u0142owod\u00f3w medycznych o\u015bwietleniowych\u2022\u015bwiat\u0142owod\u00f3w do laser\u00f3w\u2022element\u00f3w \u015bwiat\u0142owodowych hak\u00f3w chirurgicznych, rektoskop\u00f3w, amnioskop\u00f3w, anoskop\u00f3w, waginoskop\u00f3w\",\"breadcrumb\":{\"@id\":\"https:\/\/www.optec.pl\/wp\/serwis-gwarancyjny-i-pogwarancyjny-sprzetu-medycznego-wykorzystujacego-wlokna-swiatlowodowe\/#breadcrumb\"},\"inLanguage\":\"pl-PL\",\"potentialAction\":[{\"@type\":\"ReadAction\",\"target\":[\"https:\/\/www.optec.pl\/wp\/serwis-gwarancyjny-i-pogwarancyjny-sprzetu-medycznego-wykorzystujacego-wlokna-swiatlowodowe\/\"]}]},{\"@type\":\"BreadcrumbList\",\"@id\":\"https:\/\/www.optec.pl\/wp\/serwis-gwarancyjny-i-pogwarancyjny-sprzetu-medycznego-wykorzystujacego-wlokna-swiatlowodowe\/#breadcrumb\",\"itemListElement\":[{\"@type\":\"ListItem\",\"position\":1,\"name\":\"Strona g\u0142\u00f3wna\",\"item\":\"https:\/\/www.optec.pl\/wp\/\"},{\"@type\":\"ListItem\",\"position\":2,\"name\":\"Serwis\"}]},{\"@type\":\"WebSite\",\"@id\":\"https:\/\/www.optec.pl\/wp\/#website\",\"url\":\"https:\/\/www.optec.pl\/wp\/\",\"name\":\"Strona firmy Optec - medycyna, o\u015bwietlenie, endoskopy\",\"description\":\"Oferta firmy Optec s.c.\",\"potentialAction\":[{\"@type\":\"SearchAction\",\"target\":{\"@type\":\"EntryPoint\",\"urlTemplate\":\"https:\/\/www.optec.pl\/wp\/?s={search_term_string}\"},\"query-input\":\"required name=search_term_string\"}],\"inLanguage\":\"pl-PL\"}]}<\/script>\n<!-- \/ Yoast SEO plugin. -->","yoast_head_json":{"title":"Serwis - Strona firmy Optec - medycyna, o\u015bwietlenie, endoskopy","description":"Firma OPTEC od wielu lat prowadzi serwis gwarancyjny i pogwarancyjny sprz\u0119tu medycznego wykorzystuj\u0105cego w\u0142\u00f3kna \u015bwiat\u0142owodowe. Prowadzimy serwis i przegl\u0105dy techniczne nast\u0119puj\u0105cych sprz\u0119t\u00f3w:\u2022optyki endoskopowe sztywne -artroskopy, laryngoskopy, otoskopy, sinuskopy\u2022endoskop\u00f3w gi\u0119tkich -fiberoskopy, gastroskopy, kolonoskopy, nasofaryngoskopy\u2022\u015bwiat\u0142owod\u00f3w medycznych o\u015bwietleniowych\u2022\u015bwiat\u0142owod\u00f3w do laser\u00f3w\u2022element\u00f3w \u015bwiat\u0142owodowych hak\u00f3w chirurgicznych, rektoskop\u00f3w, amnioskop\u00f3w, anoskop\u00f3w, waginoskop\u00f3w","robots":{"index":"index","follow":"follow","max-snippet":"max-snippet:-1","max-image-preview":"max-image-preview:large","max-video-preview":"max-video-preview:-1"},"canonical":"https:\/\/www.optec.pl\/wp\/serwis-gwarancyjny-i-pogwarancyjny-sprzetu-medycznego-wykorzystujacego-wlokna-swiatlowodowe\/","og_locale":"pl_PL","og_type":"article","og_title":"Serwis - Strona firmy Optec - medycyna, o\u015bwietlenie, endoskopy","og_description":"Firma OPTEC od wielu lat prowadzi serwis gwarancyjny i pogwarancyjny sprz\u0119tu medycznego wykorzystuj\u0105cego w\u0142\u00f3kna \u015bwiat\u0142owodowe. Prowadzimy serwis i przegl\u0105dy techniczne nast\u0119puj\u0105cych sprz\u0119t\u00f3w:\u2022optyki endoskopowe sztywne -artroskopy, laryngoskopy, otoskopy, sinuskopy\u2022endoskop\u00f3w gi\u0119tkich -fiberoskopy, gastroskopy, kolonoskopy, nasofaryngoskopy\u2022\u015bwiat\u0142owod\u00f3w medycznych o\u015bwietleniowych\u2022\u015bwiat\u0142owod\u00f3w do laser\u00f3w\u2022element\u00f3w \u015bwiat\u0142owodowych hak\u00f3w chirurgicznych, rektoskop\u00f3w, amnioskop\u00f3w, anoskop\u00f3w, waginoskop\u00f3w","og_url":"https:\/\/www.optec.pl\/wp\/serwis-gwarancyjny-i-pogwarancyjny-sprzetu-medycznego-wykorzystujacego-wlokna-swiatlowodowe\/","og_site_name":"Strona firmy Optec - medycyna, o\u015bwietlenie, endoskopy","article_modified_time":"2023-12-19T13:12:30+00:00","twitter_card":"summary_large_image","twitter_misc":{"Szacowany czas czytania":"1 minuta"},"schema":{"@context":"https:\/\/schema.org","@graph":[{"@type":"WebPage","@id":"https:\/\/www.optec.pl\/wp\/serwis-gwarancyjny-i-pogwarancyjny-sprzetu-medycznego-wykorzystujacego-wlokna-swiatlowodowe\/","url":"https:\/\/www.optec.pl\/wp\/serwis-gwarancyjny-i-pogwarancyjny-sprzetu-medycznego-wykorzystujacego-wlokna-swiatlowodowe\/","name":"Serwis - Strona firmy Optec - medycyna, o\u015bwietlenie, endoskopy","isPartOf":{"@id":"https:\/\/www.optec.pl\/wp\/#website"},"datePublished":"2019-09-25T07:11:43+00:00","dateModified":"2023-12-19T13:12:30+00:00","description":"Firma OPTEC od wielu lat prowadzi serwis gwarancyjny i pogwarancyjny sprz\u0119tu medycznego wykorzystuj\u0105cego w\u0142\u00f3kna \u015bwiat\u0142owodowe. Prowadzimy serwis i przegl\u0105dy techniczne nast\u0119puj\u0105cych sprz\u0119t\u00f3w:\u2022optyki endoskopowe sztywne -artroskopy, laryngoskopy, otoskopy, sinuskopy\u2022endoskop\u00f3w gi\u0119tkich -fiberoskopy, gastroskopy, kolonoskopy, nasofaryngoskopy\u2022\u015bwiat\u0142owod\u00f3w medycznych o\u015bwietleniowych\u2022\u015bwiat\u0142owod\u00f3w do laser\u00f3w\u2022element\u00f3w \u015bwiat\u0142owodowych hak\u00f3w chirurgicznych, rektoskop\u00f3w, amnioskop\u00f3w, anoskop\u00f3w, waginoskop\u00f3w","breadcrumb":{"@id":"https:\/\/www.optec.pl\/wp\/serwis-gwarancyjny-i-pogwarancyjny-sprzetu-medycznego-wykorzystujacego-wlokna-swiatlowodowe\/#breadcrumb"},"inLanguage":"pl-PL","potentialAction":[{"@type":"ReadAction","target":["https:\/\/www.optec.pl\/wp\/serwis-gwarancyjny-i-pogwarancyjny-sprzetu-medycznego-wykorzystujacego-wlokna-swiatlowodowe\/"]}]},{"@type":"BreadcrumbList","@id":"https:\/\/www.optec.pl\/wp\/serwis-gwarancyjny-i-pogwarancyjny-sprzetu-medycznego-wykorzystujacego-wlokna-swiatlowodowe\/#breadcrumb","itemListElement":[{"@type":"ListItem","position":1,"name":"Strona g\u0142\u00f3wna","item":"https:\/\/www.optec.pl\/wp\/"},{"@type":"ListItem","position":2,"name":"Serwis"}]},{"@type":"WebSite","@id":"https:\/\/www.optec.pl\/wp\/#website","url":"https:\/\/www.optec.pl\/wp\/","name":"Strona firmy Optec - medycyna, o\u015bwietlenie, endoskopy","description":"Oferta firmy Optec s.c.","potentialAction":[{"@type":"SearchAction","target":{"@type":"EntryPoint","urlTemplate":"https:\/\/www.optec.pl\/wp\/?s={search_term_string}"},"query-input":"required name=search_term_string"}],"inLanguage":"pl-PL"}]}},"_links":{"self":[{"href":"https:\/\/www.optec.pl\/wp\/wp-json\/wp\/v2\/pages\/233"}],"collection":[{"href":"https:\/\/www.optec.pl\/wp\/wp-json\/wp\/v2\/pages"}],"about":[{"href":"https:\/\/www.optec.pl\/wp\/wp-json\/wp\/v2\/types\/page"}],"author":[{"embeddable":true,"href":"https:\/\/www.optec.pl\/wp\/wp-json\/wp\/v2\/users\/1"}],"replies":[{"embeddable":true,"href":"https:\/\/www.optec.pl\/wp\/wp-json\/wp\/v2\/comments?post=233"}],"version-history":[{"count":34,"href":"https:\/\/www.optec.pl\/wp\/wp-json\/wp\/v2\/pages\/233\/revisions"}],"predecessor-version":[{"id":1030,"href":"https:\/\/www.optec.pl\/wp\/wp-json\/wp\/v2\/pages\/233\/revisions\/1030"}],"wp:attachment":[{"href":"https:\/\/www.optec.pl\/wp\/wp-json\/wp\/v2\/media?parent=233"}],"curies":[{"name":"wp","href":"https:\/\/api.w.org\/{rel}","templated":true}]}}